{"id":203,"date":"2013-02-08T11:18:22","date_gmt":"2013-02-08T09:18:22","guid":{"rendered":"http:\/\/loewin.de\/blog\/?page_id=203"},"modified":"2015-04-29T11:16:14","modified_gmt":"2015-04-29T09:16:14","slug":"203-2","status":"publish","type":"page","link":"https:\/\/www.loewin.de\/blog\/203-2\/","title":{"rendered":"Was? Wie? Wann?&#8230; und manchmal auch warum"},"content":{"rendered":"<p>&nbsp;<\/p>\n<p>Seit November 2012 unterwegs &#8230;<\/p>\n<p>Ich bin eine Reisende! Gaaaaanz langsam mit l\u00e4ngeren Aufenthalten dort, wo es mir gef\u00e4llt &#8230; Lebensarten und -weisen erkundend, erfahrend, Sprachen lernend &#8230;<\/p>\n<p>Neben Begegnungen, Erlebnissen, Bedenklichem werde ich hier auch immermal wieder ausf\u00fchrlicher etwas zu meinen Beweggr\u00fcnden, der Entwicklung und dem Wandel meines Aufbruchs schreiben.<\/p>\n<p>Viel Spa\u00df beim Lesen, St\u00f6bern, Anschauen w\u00fcnsche ich und freue mich auf und \u00fcber pers\u00f6nliche Kommentare.<\/p>\n<dl id=\"attachment_1726\" class=\"wp-caption alignnone\" style=\"width: 310px;\">\n<dt class=\"wp-caption-dt\"><\/dt>\n<\/dl>\n<p><a href=\"http:\/\/loewin.de\/blog\/la-vie-est-belle-la-vida-es-bella\/20140227_185503\/\" rel=\"attachment wp-att-1929\"><img loading=\"lazy\" class=\"alignnone size-medium wp-image-1929\" src=\"http:\/\/loewin.de\/blog\/wp-content\/uploads\/2014\/02\/20140227_185503-300x168.jpg\" alt=\"20140227_185503\" width=\"300\" height=\"168\" srcset=\"https:\/\/www.loewin.de\/blog\/wp-content\/uploads\/2014\/02\/20140227_185503-300x168.jpg 300w, https:\/\/www.loewin.de\/blog\/wp-content\/uploads\/2014\/02\/20140227_185503-600x338.jpg 600w, https:\/\/www.loewin.de\/blog\/wp-content\/uploads\/2014\/02\/20140227_185503.jpg 800w\" sizes=\"(max-width: 300px) 100vw, 300px\" \/><\/a><\/p>\n<p>&nbsp;<\/p>\n","protected":false},"excerpt":{"rendered":"<p>&nbsp; Seit November 2012 unterwegs &#8230; Ich bin eine Reisende! Gaaaaanz langsam mit l\u00e4ngeren Aufenthalten dort, wo es mir gef\u00e4llt &#8230; Lebensarten und -weisen erkundend, erfahrend, Sprachen lernend &#8230; Neben Begegnungen, Erlebnissen, Bedenklichem werde ich hier auch immermal wieder ausf\u00fchrlicher &hellip; <a href=\"https:\/\/www.loewin.de\/blog\/203-2\/\">Weiterlesen <span class=\"meta-nav\">&rarr;<\/span><\/a><\/p>\n","protected":false},"author":1,"featured_media":0,"parent":0,"menu_order":1,"comment_status":"closed","ping_status":"closed","template":"","meta":{"ngg_post_thumbnail":0},"_links":{"self":[{"href":"https:\/\/www.loewin.de\/blog\/wp-json\/wp\/v2\/pages\/203"}],"collection":[{"href":"https:\/\/www.loewin.de\/blog\/wp-json\/wp\/v2\/pages"}],"about":[{"href":"https:\/\/www.loewin.de\/blog\/wp-json\/wp\/v2\/types\/page"}],"author":[{"embeddable":true,"href":"https:\/\/www.loewin.de\/blog\/wp-json\/wp\/v2\/users\/1"}],"replies":[{"embeddable":true,"href":"https:\/\/www.loewin.de\/blog\/wp-json\/wp\/v2\/comments?post=203"}],"version-history":[{"count":20,"href":"https:\/\/www.loewin.de\/blog\/wp-json\/wp\/v2\/pages\/203\/revisions"}],"predecessor-version":[{"id":2655,"href":"https:\/\/www.loewin.de\/blog\/wp-json\/wp\/v2\/pages\/203\/revisions\/2655"}],"wp:attachment":[{"href":"https:\/\/www.loewin.de\/blog\/wp-json\/wp\/v2\/media?parent=203"}],"curies":[{"name":"wp","href":"https:\/\/api.w.org\/{rel}","templated":true}]}}